{"id":2298,"date":"2022-11-08T01:20:55","date_gmt":"2022-11-08T01:20:55","guid":{"rendered":"https:\/\/graingrower.surielementor.com\/?page_id=2298"},"modified":"2023-09-05T04:13:32","modified_gmt":"2023-09-05T04:13:32","slug":"about-us","status":"publish","type":"page","link":"https:\/\/alphamoss.cl\/fr\/about-us\/","title":{"rendered":"\u00c0 propos de nous"},"content":{"rendered":"<div data-elementor-type=\"wp-page\" data-elementor-id=\"2298\" class=\"elementor elementor-2298\">\n\t\t\t\t\t\t\t\t\t<section class=\"elementor-section elementor-top-section elementor-element elementor-element-4d259b0 elementor-section-full_width elementor-section-stretched elementor-section-height-default elementor-section-height-default tf-parallax-no\" data-id=\"4d259b0\" data-element_type=\"section\" data-settings=\"{&quot;stretch_section&quot;:&quot;section-stretched&quot;,&quot;background_background&quot;:&quot;classic&quot;}\">\n\t\t\t\t\t\t<div class=\"elementor-container elementor-column-gap-no\">\n\t\t\t\t\t<div class=\"elementor-column elementor-col-100 elementor-top-column elementor-element elementor-element-f2a7738\" data-id=\"f2a7738\" data-element_type=\"column\">\n\t\t\t<div class=\"elementor-widget-wrap elementor-element-populated\">\n\t\t\t\t\t\t\t\t<section class=\"elementor-section elementor-inner-section elementor-element elementor-element-517605d elementor-section-boxed elementor-section-height-default elementor-section-height-default\" data-id=\"517605d\" data-element_type=\"section\">\n\t\t\t\t\t\t<div class=\"elementor-container elementor-column-gap-custom\">\n\t\t\t\t\t<div class=\"elementor-column elementor-col-50 elementor-inner-column elementor-element elementor-element-b81bb63\" data-id=\"b81bb63\" data-element_type=\"column\">\n\t\t\t<div class=\"elementor-widget-wrap elementor-element-populated\">\n\t\t\t\t\t\t\t\t<div class=\"elementor-element elementor-element-fd160e2 ani4 elementor-widget elementor-widget-image\" data-id=\"fd160e2\" data-element_type=\"widget\" data-widget_type=\"image.default\">\n\t\t\t\t<div class=\"elementor-widget-container\">\n\t\t\t<style>\/*! elementor - v3.15.0 - 20-08-2023 *\/\n.elementor-widget-image{text-align:center}.elementor-widget-image a{display:inline-block}.elementor-widget-image a img[src$=\".svg\"]{width:48px}.elementor-widget-image img{vertical-align:middle;display:inline-block}<\/style>\t\t\t\t\t\t\t\t\t\t\t\t<img loading=\"lazy\" decoding=\"async\" width=\"300\" height=\"230\" src=\"https:\/\/alphamoss.cl\/wp-content\/uploads\/2023\/09\/about01.jpg\" class=\"attachment-full size-full wp-image-3107\" alt=\"\" \/>\t\t\t\t\t\t\t\t\t\t\t\t\t\t\t<\/div>\n\t\t\t\t<\/div>\n\t\t\t\t<div class=\"elementor-element elementor-element-6acf1cd ani4 elementor-widget elementor-widget-image\" data-id=\"6acf1cd\" data-element_type=\"widget\" data-widget_type=\"image.default\">\n\t\t\t\t<div class=\"elementor-widget-container\">\n\t\t\t\t\t\t\t\t\t\t\t\t\t\t\t<img loading=\"lazy\" decoding=\"async\" width=\"300\" height=\"230\" src=\"https:\/\/alphamoss.cl\/wp-content\/uploads\/2023\/09\/about02.jpeg\" class=\"attachment-full size-full wp-image-3106\" alt=\"\" \/>\t\t\t\t\t\t\t\t\t\t\t\t\t\t\t<\/div>\n\t\t\t\t<\/div>\n\t\t\t\t\t<\/div>\n\t\t<\/div>\n\t\t\t\t<div class=\"elementor-column elementor-col-50 elementor-inner-column elementor-element elementor-element-a930002\" data-id=\"a930002\" data-element_type=\"column\">\n\t\t\t<div class=\"elementor-widget-wrap elementor-element-populated\">\n\t\t\t\t\t\t\t\t<div class=\"elementor-element elementor-element-916506e animated-slow elementor-invisible elementor-widget elementor-widget-tf-title-section\" data-id=\"916506e\" data-element_type=\"widget\" data-settings=\"{&quot;_animation&quot;:&quot;fadeInDown&quot;}\" data-widget_type=\"tf-title-section.default\">\n\t\t\t\t<div class=\"elementor-widget-container\">\n\t\t\t<div id=\"tf-title-section-916506e\" class=\"tf-title-section style1\" data-tabid=\"916506e\"> \r\n\t\t\t\t\r\n\t\t\t<div class=\"title-section\">\r\n\t\t\t\t<div class=\"sub-title\">MOUSSE ALPHA<\/div>\r\n\t\t\t\t<h2 class=\"heading\">Constitu\u00e9 par des investisseurs fran\u00e7ais et chiliens<\/h2>\r\n\t\t\t<\/div>                \r\n            <\/div>\t\t<\/div>\n\t\t\t\t<\/div>\n\t\t\t\t<div class=\"elementor-element elementor-element-15eb145 animated-slow elementor-invisible elementor-widget elementor-widget-text-editor\" data-id=\"15eb145\" data-element_type=\"widget\" data-settings=\"{&quot;_animation&quot;:&quot;fadeInRight&quot;}\" data-widget_type=\"text-editor.default\">\n\t\t\t\t<div class=\"elementor-widget-container\">\n\t\t\t<style>\/*! elementor - v3.15.0 - 20-08-2023 *\/\n.elementor-widget-text-editor.elementor-drop-cap-view-stacked .elementor-drop-cap{background-color:#69727d;color:#fff}.elementor-widget-text-editor.elementor-drop-cap-view-framed .elementor-drop-cap{color:#69727d;border:3px solid;background-color:transparent}.elementor-widget-text-editor:not(.elementor-drop-cap-view-default) .elementor-drop-cap{margin-top:8px}.elementor-widget-text-editor:not(.elementor-drop-cap-view-default) .elementor-drop-cap-letter{width:1em;height:1em}.elementor-widget-text-editor .elementor-drop-cap{float:left;text-align:center;line-height:1;font-size:50px}.elementor-widget-text-editor .elementor-drop-cap-letter{display:inline-block}<\/style>\t\t\t\t<p>Est une soci\u00e9t\u00e9 chilienne \u00e9tablie au Chili par des investisseurs fran\u00e7ais et chiliens, situ\u00e9e sur l'\u00eele de Chilo\u00e9, dans l'oc\u00e9an Pacifique. Chilo\u00e9 est une grande \u00eele situ\u00e9e \u00e0 1 300 km au sud de Santiago. En raison de son climat humide, il est bien connu pour la grande qualit\u00e9 de sa sphaigne.<br \/><br \/>est une filiale d'une importante entreprise internationale, Forestal Alpha Ltda. Bien connu pour ses normes d'exportation de haute qualit\u00e9. Elle est g\u00e9r\u00e9e par des sp\u00e9cialistes du processus industriel et du contr\u00f4le de qualit\u00e9.<br \/><br \/>Gr\u00e2ce \u00e0 l'excellence de ses produits, ALPHA MOSS est devenu au cours des derni\u00e8res ann\u00e9es l'un des plus grands exportateurs chiliens, notamment sur les march\u00e9s asiatiques, am\u00e9ricains et europ\u00e9ens.<br \/><br \/>r\u00e9colte la mousse selon des plans \u00e0 long terme. Les m\u00e9thodes de r\u00e9colte manuelles permettent la protection de l'environnement car elles garantissent la croissance naturelle de la plante dans un cycle de 4 ans sur des sites pr\u00e9alablement r\u00e9colt\u00e9s. Les m\u00e9thodes de r\u00e9colte permettent d'associer \u00e9troitement les indig\u00e8nes de l'\u00eele. au d\u00e9veloppement d\u2019une valeur ajout\u00e9e.<\/p>\t\t\t\t\t\t<\/div>\n\t\t\t\t<\/div>\n\t\t\t\t\t<\/div>\n\t\t<\/div>\n\t\t\t\t\t\t\t<\/div>\n\t\t<\/section>\n\t\t\t\t\t<\/div>\n\t\t<\/div>\n\t\t\t\t\t\t\t<\/div>\n\t\t<\/section>\n\t\t\t\t\t\t\t<\/div>","protected":false},"excerpt":{"rendered":"<p>ALPHA MOSS Constituted by French and Chilean investors Is a Chilean corporation established in Chile by French and Chilean investors, located in the island of Chiloe, Pacific Ocean. Chiloe is a large island, 1.300 km south of Santiago. Due to its humid climate, [&hellip;]<\/p>","protected":false},"author":1,"featured_media":0,"parent":0,"menu_order":0,"comment_status":"closed","ping_status":"closed","template":"","meta":{"_monsterinsights_skip_tracking":false,"_monsterinsights_sitenote_active":false,"_monsterinsights_sitenote_note":"","_monsterinsights_sitenote_category":0,"footnotes":""},"class_list":["post-2298","page","type-page","status-publish","hentry"],"aioseo_notices":[],"_links":{"self":[{"href":"https:\/\/alphamoss.cl\/fr\/wp-json\/wp\/v2\/pages\/2298","targetHints":{"allow":["GET"]}}],"collection":[{"href":"https:\/\/alphamoss.cl\/fr\/wp-json\/wp\/v2\/pages"}],"about":[{"href":"https:\/\/alphamoss.cl\/fr\/wp-json\/wp\/v2\/types\/page"}],"author":[{"embeddable":true,"href":"https:\/\/alphamoss.cl\/fr\/wp-json\/wp\/v2\/users\/1"}],"replies":[{"embeddable":true,"href":"https:\/\/alphamoss.cl\/fr\/wp-json\/wp\/v2\/comments?post=2298"}],"version-history":[{"count":11,"href":"https:\/\/alphamoss.cl\/fr\/wp-json\/wp\/v2\/pages\/2298\/revisions"}],"predecessor-version":[{"id":3248,"href":"https:\/\/alphamoss.cl\/fr\/wp-json\/wp\/v2\/pages\/2298\/revisions\/3248"}],"wp:attachment":[{"href":"https:\/\/alphamoss.cl\/fr\/wp-json\/wp\/v2\/media?parent=2298"}],"curies":[{"name":"wp","href":"https:\/\/api.w.org\/{rel}","templated":true}]}}