{"id":1241,"date":"2022-10-17T02:59:37","date_gmt":"2022-10-17T02:59:37","guid":{"rendered":"https:\/\/graingrower.surielementor.com\/?page_id=1241"},"modified":"2023-09-05T04:16:11","modified_gmt":"2023-09-05T04:16:11","slug":"home-01","status":"publish","type":"page","link":"https:\/\/alphamoss.cl\/fr\/","title":{"rendered":"Maison"},"content":{"rendered":"<div data-elementor-type=\"wp-page\" data-elementor-id=\"1241\" class=\"elementor elementor-1241\">\n\t\t\t\t\t\t\t\t\t<section class=\"elementor-section elementor-top-section elementor-element elementor-element-8abc914 elementor-section-full_width elementor-section-stretched elementor-section-height-default elementor-section-height-default\" data-id=\"8abc914\" data-element_type=\"section\" data-settings=\"{&quot;stretch_section&quot;:&quot;section-stretched&quot;}\">\n\t\t\t\t\t\t<div class=\"elementor-container elementor-column-gap-no\">\n\t\t\t\t\t<div class=\"elementor-column elementor-col-100 elementor-top-column elementor-element elementor-element-72f407c\" data-id=\"72f407c\" data-element_type=\"column\">\n\t\t\t<div class=\"elementor-widget-wrap elementor-element-populated\">\n\t\t\t\t\t\t\t\t<div class=\"elementor-element elementor-element-3a17007 elementor-widget elementor-widget-slider_revolution\" data-id=\"3a17007\" data-element_type=\"widget\" data-widget_type=\"slider_revolution.default\">\n\t\t\t\t<div class=\"elementor-widget-container\">\n\t\t\t\t\t<script>window.parent.elementorSelectRevSlider();<\/script>\n\t\t\n\t\t<div class=\"wp-block-themepunch-revslider\"><\/div>\n\n\t\t\t\t<\/div>\n\t\t\t\t<\/div>\n\t\t\t\t<div class=\"elementor-element elementor-element-387107e elementor-widget elementor-widget-spacer\" data-id=\"387107e\" data-element_type=\"widget\" data-widget_type=\"spacer.default\">\n\t\t\t\t<div class=\"elementor-widget-container\">\n\t\t\t<style>\/*! elementor - v3.15.0 - 20-08-2023 *\/\n.elementor-column .elementor-spacer-inner{height:var(--spacer-size)}.e-con{--container-widget-width:100%}.e-con-inner>.elementor-widget-spacer,.e-con>.elementor-widget-spacer{width:var(--container-widget-width,var(--spacer-size));--align-self:var(--container-widget-align-self,initial);--flex-shrink:0}.e-con-inner>.elementor-widget-spacer>.elementor-widget-container,.e-con-inner>.elementor-widget-spacer>.elementor-widget-container>.elementor-spacer,.e-con>.elementor-widget-spacer>.elementor-widget-container,.e-con>.elementor-widget-spacer>.elementor-widget-container>.elementor-spacer{height:100%}.e-con-inner>.elementor-widget-spacer>.elementor-widget-container>.elementor-spacer>.elementor-spacer-inner,.e-con>.elementor-widget-spacer>.elementor-widget-container>.elementor-spacer>.elementor-spacer-inner{height:var(--container-widget-height,var(--spacer-size))}<\/style>\t\t<div class=\"elementor-spacer\">\n\t\t\t<div class=\"elementor-spacer-inner\"><\/div>\n\t\t<\/div>\n\t\t\t\t<\/div>\n\t\t\t\t<\/div>\n\t\t\t\t\t<\/div>\n\t\t<\/div>\n\t\t\t\t\t\t\t<\/div>\n\t\t<\/section>\n\t\t\t\t<section class=\"elementor-section elementor-top-section elementor-element elementor-element-e5e54b1 animated-slow elementor-section-boxed elementor-section-height-default elementor-section-height-default elementor-invisible\" data-id=\"e5e54b1\" data-element_type=\"section\" data-settings=\"{&quot;animation&quot;:&quot;fadeInUp&quot;}\">\n\t\t\t\t\t\t<div class=\"elementor-container elementor-column-gap-default\">\n\t\t\t\t\t<div class=\"elementor-column elementor-col-33 elementor-top-column elementor-element elementor-element-53d4f26\" data-id=\"53d4f26\" data-element_type=\"column\">\n\t\t\t<div class=\"elementor-widget-wrap elementor-element-populated\">\n\t\t\t\t\t\t\t\t<div class=\"elementor-element elementor-element-0f282d0 elementor-widget elementor-widget-tficonbox\" data-id=\"0f282d0\" data-element_type=\"widget\" data-widget_type=\"tficonbox.default\">\n\t\t\t\t<div class=\"elementor-widget-container\">\n\t\t\t\t\t\t\t\t<div class=\"tficonbox style1 left\">\r\n\t\t\t\t\t\r\n\t\t\t\t\t\t\t\t\t\t<div class=\"wrap-icon\">\r\n\t\t\t\t\t\t\t<div class=\"wrap-icon-inner icon\">\r\n\t\t\t\t\t\t\t\t<div class=\"icon\"><i aria-hidden=\"true\" class=\"fas fa-broom\"><\/i><\/div>\r\n\t\t\t\t\t\t\t<\/div>\r\n\t\t\t\t\t\t\t\r\n\t\t\t\t\t\t<\/div>\r\n\t\t\t\t\t\t\r\n\r\n\t\t\t\t<div class=\"content\">\r\n\t\t\t\t\t<h3 class=\"title\">Pr\u00e9sentation du produit<\/h3>\r\n\t\t\t\t\t<div class=\"description\"><p>La mousse de sphaigne est compress\u00e9e et conditionn\u00e9e selon les besoins de nos clients<\/p><\/div>\t\t\t\t\t\r\n\t\t\t\t\t\r\n\t\t\t\t<\/div>\r\n\t\t\t<\/div>\r\n\t\t\t\t<\/div>\n\t\t\t\t<\/div>\n\t\t\t\t\t<\/div>\n\t\t<\/div>\n\t\t\t\t<div class=\"elementor-column elementor-col-33 elementor-top-column elementor-element elementor-element-246bc08\" data-id=\"246bc08\" data-element_type=\"column\">\n\t\t\t<div class=\"elementor-widget-wrap elementor-element-populated\">\n\t\t\t\t\t\t\t\t<div class=\"elementor-element elementor-element-4e6532f elementor-widget elementor-widget-tficonbox\" data-id=\"4e6532f\" data-element_type=\"widget\" data-widget_type=\"tficonbox.default\">\n\t\t\t\t<div class=\"elementor-widget-container\">\n\t\t\t\t\t\t\t\t<div class=\"tficonbox style1 left\">\r\n\t\t\t\t\t\r\n\t\t\t\t\t\t\t\t\t\t<div class=\"wrap-icon\">\r\n\t\t\t\t\t\t\t<div class=\"wrap-icon-inner icon\">\r\n\t\t\t\t\t\t\t\t<div class=\"icon\"><i aria-hidden=\"true\" class=\"fas fa-cogs\"><\/i><\/div>\r\n\t\t\t\t\t\t\t<\/div>\r\n\t\t\t\t\t\t\t\r\n\t\t\t\t\t\t<\/div>\r\n\t\t\t\t\t\t\r\n\r\n\t\t\t\t<div class=\"content\">\r\n\t\t\t\t\t<h3 class=\"title\">Propri\u00e9t\u00e9s du produit<\/h3>\r\n\t\t\t\t\t<div class=\"description\"><p>Maintient l'humidit\u00e9 plus longtemps dans le sol. Donne une meilleure a\u00e9ration durable et une l\u00e9g\u00e8ret\u00e9 au sol<\/p><\/div>\t\t\t\t\t\r\n\t\t\t\t\t\r\n\t\t\t\t<\/div>\r\n\t\t\t<\/div>\r\n\t\t\t\t<\/div>\n\t\t\t\t<\/div>\n\t\t\t\t\t<\/div>\n\t\t<\/div>\n\t\t\t\t<div class=\"elementor-column elementor-col-33 elementor-top-column elementor-element elementor-element-20f92b7\" data-id=\"20f92b7\" data-element_type=\"column\">\n\t\t\t<div class=\"elementor-widget-wrap elementor-element-populated\">\n\t\t\t\t\t\t\t\t<div class=\"elementor-element elementor-element-5d73334 elementor-widget elementor-widget-tficonbox\" data-id=\"5d73334\" data-element_type=\"widget\" data-widget_type=\"tficonbox.default\">\n\t\t\t\t<div class=\"elementor-widget-container\">\n\t\t\t\t\t\t\t\t<div class=\"tficonbox style1 left\">\r\n\t\t\t\t\t\r\n\t\t\t\t\t\t\t\t\t\t<div class=\"wrap-icon\">\r\n\t\t\t\t\t\t\t<div class=\"wrap-icon-inner icon\">\r\n\t\t\t\t\t\t\t\t<div class=\"icon\"><i aria-hidden=\"true\" class=\"fas fa-magic\"><\/i><\/div>\r\n\t\t\t\t\t\t\t<\/div>\r\n\t\t\t\t\t\t\t\r\n\t\t\t\t\t\t<\/div>\r\n\t\t\t\t\t\t\r\n\r\n\t\t\t\t<div class=\"content\">\r\n\t\t\t\t\t<h3 class=\"title\">Utilisations de la sphaigne<\/h3>\r\n\t\t\t\t\t<div class=\"description\"><p>Dans tous les cas o\u00f9 de la mousse de tourbe est utilis\u00e9e ; utiliser moins de quantit\u00e9 de mat\u00e9riau pour de meilleurs r\u00e9sultats.<\/p><\/div>\t\t\t\t\t\r\n\t\t\t\t\t\r\n\t\t\t\t<\/div>\r\n\t\t\t<\/div>\r\n\t\t\t\t<\/div>\n\t\t\t\t<\/div>\n\t\t\t\t\t<\/div>\n\t\t<\/div>\n\t\t\t\t\t\t\t<\/div>\n\t\t<\/section>\n\t\t\t\t<section class=\"elementor-section elementor-top-section elementor-element elementor-element-8ecfa5f animated-slow elementor-section-boxed elementor-section-height-default elementor-section-height-default elementor-invisible\" data-id=\"8ecfa5f\" data-element_type=\"section\" data-settings=\"{&quot;animation&quot;:&quot;fadeInUp&quot;}\">\n\t\t\t\t\t\t<div class=\"elementor-container elementor-column-gap-default\">\n\t\t\t\t\t<div class=\"elementor-column elementor-col-100 elementor-top-column elementor-element elementor-element-7f1afff\" data-id=\"7f1afff\" data-element_type=\"column\">\n\t\t\t<div class=\"elementor-widget-wrap elementor-element-populated\">\n\t\t\t\t\t\t\t\t<div class=\"elementor-element elementor-element-5334ebf elementor-widget elementor-widget-heading\" data-id=\"5334ebf\" data-element_type=\"widget\" data-widget_type=\"heading.default\">\n\t\t\t\t<div class=\"elementor-widget-container\">\n\t\t\t<style>\/*! elementor - v3.15.0 - 20-08-2023 *\/\n.elementor-heading-title{padding:0;margin:0;line-height:1}.elementor-widget-heading .elementor-heading-title[class*=elementor-size-]>a{color:inherit;font-size:inherit;line-height:inherit}.elementor-widget-heading .elementor-heading-title.elementor-size-small{font-size:15px}.elementor-widget-heading .elementor-heading-title.elementor-size-medium{font-size:19px}.elementor-widget-heading .elementor-heading-title.elementor-size-large{font-size:29px}.elementor-widget-heading .elementor-heading-title.elementor-size-xl{font-size:39px}.elementor-widget-heading .elementor-heading-title.elementor-size-xxl{font-size:59px}<\/style><h2 class=\"elementor-heading-title elementor-size-default\">Sphaigne<\/h2>\t\t<\/div>\n\t\t\t\t<\/div>\n\t\t\t\t\t<\/div>\n\t\t<\/div>\n\t\t\t\t\t\t\t<\/div>\n\t\t<\/section>\n\t\t\t\t<section class=\"elementor-section elementor-top-section elementor-element elementor-element-8665245 animated-slow elementor-section-boxed elementor-section-height-default elementor-section-height-default elementor-invisible\" data-id=\"8665245\" data-element_type=\"section\" data-settings=\"{&quot;animation&quot;:&quot;fadeInUp&quot;}\">\n\t\t\t\t\t\t<div class=\"elementor-container elementor-column-gap-default\">\n\t\t\t\t\t<div class=\"elementor-column elementor-col-25 elementor-top-column elementor-element elementor-element-a965213\" data-id=\"a965213\" data-element_type=\"column\">\n\t\t\t<div class=\"elementor-widget-wrap elementor-element-populated\">\n\t\t\t\t\t\t\t\t<div class=\"elementor-element elementor-element-28b2d50 elementor-position-top elementor-widget elementor-widget-image-box\" data-id=\"28b2d50\" data-element_type=\"widget\" data-widget_type=\"image-box.default\">\n\t\t\t\t<div class=\"elementor-widget-container\">\n\t\t\t<style>\/*! elementor - v3.15.0 - 20-08-2023 *\/\n.elementor-widget-image-box .elementor-image-box-content{width:100%}@media (min-width:768px){.elementor-widget-image-box.elementor-position-left .elementor-image-box-wrapper,.elementor-widget-image-box.elementor-position-right .elementor-image-box-wrapper{display:flex}.elementor-widget-image-box.elementor-position-right .elementor-image-box-wrapper{text-align:right;flex-direction:row-reverse}.elementor-widget-image-box.elementor-position-left .elementor-image-box-wrapper{text-align:left;flex-direction:row}.elementor-widget-image-box.elementor-position-top .elementor-image-box-img{margin:auto}.elementor-widget-image-box.elementor-vertical-align-top .elementor-image-box-wrapper{align-items:flex-start}.elementor-widget-image-box.elementor-vertical-align-middle .elementor-image-box-wrapper{align-items:center}.elementor-widget-image-box.elementor-vertical-align-bottom .elementor-image-box-wrapper{align-items:flex-end}}@media (max-width:767px){.elementor-widget-image-box .elementor-image-box-img{margin-left:auto!important;margin-right:auto!important;margin-bottom:15px}}.elementor-widget-image-box .elementor-image-box-img{display:inline-block}.elementor-widget-image-box .elementor-image-box-title a{color:inherit}.elementor-widget-image-box .elementor-image-box-wrapper{text-align:center}.elementor-widget-image-box .elementor-image-box-description{margin:0}<\/style><div class=\"elementor-image-box-wrapper\"><figure class=\"elementor-image-box-img\"><img loading=\"lazy\" decoding=\"async\" width=\"460\" height=\"290\" src=\"https:\/\/alphamoss.cl\/wp-content\/uploads\/2023\/09\/01.jpeg\" class=\"attachment-full size-full wp-image-3085\" alt=\"\" srcset=\"https:\/\/alphamoss.cl\/wp-content\/uploads\/2023\/09\/01.jpeg 460w, https:\/\/alphamoss.cl\/wp-content\/uploads\/2023\/09\/01-300x189.jpeg 300w\" sizes=\"auto, (max-width: 460px) 100vw, 460px\" \/><\/figure><div class=\"elementor-image-box-content\"><h4 class=\"elementor-image-box-title\">Pr\u00e9sentation<\/h4><p class=\"elementor-image-box-description\">Nous proposons des packs de 75g, 150g, 500g, 0,8kg, 1kg, 1,25kg, 2kg, 3kg, 5kg et 7kg. Ceux-ci peuvent \u00eatre normalement compress\u00e9s ou fortement compress\u00e9s.<\/p><\/div><\/div>\t\t<\/div>\n\t\t\t\t<\/div>\n\t\t\t\t\t<\/div>\n\t\t<\/div>\n\t\t\t\t<div class=\"elementor-column elementor-col-25 elementor-top-column elementor-element elementor-element-1942e5d\" data-id=\"1942e5d\" data-element_type=\"column\">\n\t\t\t<div class=\"elementor-widget-wrap elementor-element-populated\">\n\t\t\t\t\t\t\t\t<div class=\"elementor-element elementor-element-458f4dc elementor-position-top elementor-widget elementor-widget-image-box\" data-id=\"458f4dc\" data-element_type=\"widget\" data-widget_type=\"image-box.default\">\n\t\t\t\t<div class=\"elementor-widget-container\">\n\t\t\t<div class=\"elementor-image-box-wrapper\"><figure class=\"elementor-image-box-img\"><img loading=\"lazy\" decoding=\"async\" width=\"460\" height=\"290\" src=\"https:\/\/alphamoss.cl\/wp-content\/uploads\/2023\/09\/02.jpeg\" class=\"attachment-full size-full wp-image-3086\" alt=\"\" srcset=\"https:\/\/alphamoss.cl\/wp-content\/uploads\/2023\/09\/02.jpeg 460w, https:\/\/alphamoss.cl\/wp-content\/uploads\/2023\/09\/02-300x189.jpeg 300w\" sizes=\"auto, (max-width: 460px) 100vw, 460px\" \/><\/figure><div class=\"elementor-image-box-content\"><h4 class=\"elementor-image-box-title\">Sp\u00e9cifications biologiques de la sphaigne<\/h4><p class=\"elementor-image-box-description translation-block\">\u00b7PH 4,8 <br>\r\n\u00b7Humidity ratio +\/- 20%<br>\r\n\u00b7Foreign matter ratio &gt; 5%<\/p><\/div><\/div>\t\t<\/div>\n\t\t\t\t<\/div>\n\t\t\t\t\t<\/div>\n\t\t<\/div>\n\t\t\t\t<div class=\"elementor-column elementor-col-25 elementor-top-column elementor-element elementor-element-32e1b31\" data-id=\"32e1b31\" data-element_type=\"column\">\n\t\t\t<div class=\"elementor-widget-wrap elementor-element-populated\">\n\t\t\t\t\t\t\t\t<div class=\"elementor-element elementor-element-e3b9680 elementor-position-top elementor-widget elementor-widget-image-box\" data-id=\"e3b9680\" data-element_type=\"widget\" data-widget_type=\"image-box.default\">\n\t\t\t\t<div class=\"elementor-widget-container\">\n\t\t\t<div class=\"elementor-image-box-wrapper\"><figure class=\"elementor-image-box-img\"><img loading=\"lazy\" decoding=\"async\" width=\"460\" height=\"290\" src=\"https:\/\/alphamoss.cl\/wp-content\/uploads\/2023\/09\/03.jpeg\" class=\"attachment-full size-full wp-image-3090\" alt=\"\" srcset=\"https:\/\/alphamoss.cl\/wp-content\/uploads\/2023\/09\/03.jpeg 460w, https:\/\/alphamoss.cl\/wp-content\/uploads\/2023\/09\/03-300x189.jpeg 300w\" sizes=\"auto, (max-width: 460px) 100vw, 460px\" \/><\/figure><div class=\"elementor-image-box-content\"><h4 class=\"elementor-image-box-title\">Nos m\u00e9thodes<\/h4><p class=\"elementor-image-box-description\">Des m\u00e9thodes de s\u00e9chage naturelles sous abri par l'action du soleil et du vent pour pr\u00e9server les qualit\u00e9s authentiques des produits<\/p><\/div><\/div>\t\t<\/div>\n\t\t\t\t<\/div>\n\t\t\t\t\t<\/div>\n\t\t<\/div>\n\t\t\t\t<div class=\"elementor-column elementor-col-25 elementor-top-column elementor-element elementor-element-69d8e0d\" data-id=\"69d8e0d\" data-element_type=\"column\">\n\t\t\t<div class=\"elementor-widget-wrap elementor-element-populated\">\n\t\t\t\t\t\t\t\t<div class=\"elementor-element elementor-element-a0242c7 elementor-position-top elementor-widget elementor-widget-image-box\" data-id=\"a0242c7\" data-element_type=\"widget\" data-widget_type=\"image-box.default\">\n\t\t\t\t<div class=\"elementor-widget-container\">\n\t\t\t<div class=\"elementor-image-box-wrapper\"><figure class=\"elementor-image-box-img\"><img loading=\"lazy\" decoding=\"async\" width=\"460\" height=\"290\" src=\"https:\/\/alphamoss.cl\/wp-content\/uploads\/2023\/09\/04.jpeg\" class=\"attachment-full size-full wp-image-3091\" alt=\"\" srcset=\"https:\/\/alphamoss.cl\/wp-content\/uploads\/2023\/09\/04.jpeg 460w, https:\/\/alphamoss.cl\/wp-content\/uploads\/2023\/09\/04-300x189.jpeg 300w\" sizes=\"auto, (max-width: 460px) 100vw, 460px\" \/><\/figure><div class=\"elementor-image-box-content\"><h4 class=\"elementor-image-box-title\">Excellence<\/h4><p class=\"elementor-image-box-description\">ALPHA MOSS est devenu au cours des derni\u00e8res ann\u00e9es le plus grand exportateur chilien, notamment sur les march\u00e9s asiatiques, am\u00e9ricains et europ\u00e9ens.<\/p><\/div><\/div>\t\t<\/div>\n\t\t\t\t<\/div>\n\t\t\t\t\t<\/div>\n\t\t<\/div>\n\t\t\t\t\t\t\t<\/div>\n\t\t<\/section>\n\t\t\t\t\t\t\t<\/div>","protected":false},"excerpt":{"rendered":"<p>Presentation of the Product The sphagnum moss is compressed &amp; conditionned according to our clients needs Properties of the Product Keeps humidity longer in the soil. Gives better durable aeration and lightness to the soil Uses of the Sphagnum Moss In all cases [&hellip;]<\/p>","protected":false},"author":1,"featured_media":0,"parent":0,"menu_order":0,"comment_status":"closed","ping_status":"closed","template":"","meta":{"_monsterinsights_skip_tracking":false,"_monsterinsights_sitenote_active":false,"_monsterinsights_sitenote_note":"","_monsterinsights_sitenote_category":0,"footnotes":""},"class_list":["post-1241","page","type-page","status-publish","hentry"],"aioseo_notices":[],"_links":{"self":[{"href":"https:\/\/alphamoss.cl\/fr\/wp-json\/wp\/v2\/pages\/1241","targetHints":{"allow":["GET"]}}],"collection":[{"href":"https:\/\/alphamoss.cl\/fr\/wp-json\/wp\/v2\/pages"}],"about":[{"href":"https:\/\/alphamoss.cl\/fr\/wp-json\/wp\/v2\/types\/page"}],"author":[{"embeddable":true,"href":"https:\/\/alphamoss.cl\/fr\/wp-json\/wp\/v2\/users\/1"}],"replies":[{"embeddable":true,"href":"https:\/\/alphamoss.cl\/fr\/wp-json\/wp\/v2\/comments?post=1241"}],"version-history":[{"count":47,"href":"https:\/\/alphamoss.cl\/fr\/wp-json\/wp\/v2\/pages\/1241\/revisions"}],"predecessor-version":[{"id":3257,"href":"https:\/\/alphamoss.cl\/fr\/wp-json\/wp\/v2\/pages\/1241\/revisions\/3257"}],"wp:attachment":[{"href":"https:\/\/alphamoss.cl\/fr\/wp-json\/wp\/v2\/media?parent=1241"}],"curies":[{"name":"wp","href":"https:\/\/api.w.org\/{rel}","templated":true}]}}